{"id":88,"date":"2019-10-14T19:36:46","date_gmt":"2019-10-14T19:36:46","guid":{"rendered":"https:\/\/clerybasket.fr\/?page_id=88"},"modified":"2021-07-08T09:39:05","modified_gmt":"2021-07-08T09:39:05","slug":"contact","status":"publish","type":"page","link":"https:\/\/clerybasket.fr\/index.php\/contact\/","title":{"rendered":"Contactez-nous"},"content":{"rendered":"\n<p>Les champs marqu\u00e9s avec <span class=\"has-inline-color has-vivid-red-color\">*<\/span> sont obligatoires<\/p>\n\n\n\n<div class=\"forminator-guttenberg\"><div class=\"forminator-ui forminator-custom-form forminator-custom-form-831 forminator-design--flat  forminator_ajax\" data-forminator-render=\"0\" data-form=\"forminator-module-831\" data-uid=\"69e209c60f9cf\"><br\/><\/div><form\n\t\t\t\tid=\"forminator-module-831\"\n\t\t\t\tclass=\"forminator-ui forminator-custom-form forminator-custom-form-831 forminator-design--flat  forminator_ajax\"\n\t\t\t\tmethod=\"post\"\n\t\t\t\tdata-forminator-render=\"0\"\n\t\t\t\tdata-form-id=\"831\"\n\t\t\t\t data-color-option=\"default\" data-design=\"flat\" data-grid=\"open\" style=\"display: none;\"\n\t\t\t\tdata-uid=\"69e209c60f9cf\"\n\t\t\t><div role=\"alert\" aria-live=\"polite\" class=\"forminator-response-message forminator-error\" aria-hidden=\"true\"><\/div><div class=\"forminator-row\"><div id=\"text-1\" class=\"forminator-field-text forminator-col forminator-col-12 \"><div class=\"forminator-field\"><label for=\"forminator-field-text-1_69e209c60f9cf\" id=\"forminator-field-text-1_69e209c60f9cf-label\" class=\"forminator-label\">Votre nom (obligatoire) <span class=\"forminator-required\">*<\/span><\/label><input type=\"text\" name=\"text-1\" value=\"\" placeholder=\"\" id=\"forminator-field-text-1_69e209c60f9cf\" class=\"forminator-input forminator-name--field\" data-required=\"1\" \/><\/div><\/div><\/div><div class=\"forminator-row\"><div id=\"email-1\" class=\"forminator-field-email forminator-col forminator-col-12 \"><div class=\"forminator-field\"><label for=\"forminator-field-email-1_69e209c60f9cf\" id=\"forminator-field-email-1_69e209c60f9cf-label\" class=\"forminator-label\">Votre Email (obligatoire) <span class=\"forminator-required\">*<\/span><\/label><input type=\"email\" name=\"email-1\" value=\"\" placeholder=\"\" id=\"forminator-field-email-1_69e209c60f9cf\" class=\"forminator-input forminator-email--field\" data-required=\"1\" aria-required=\"true\" autocomplete=\"email\" \/><\/div><\/div><\/div><div class=\"forminator-row\"><div id=\"text-2\" class=\"forminator-field-text forminator-col forminator-col-12 \"><div class=\"forminator-field\"><label for=\"forminator-field-text-2_69e209c60f9cf\" id=\"forminator-field-text-2_69e209c60f9cf-label\" class=\"forminator-label\">Objet<\/label><input type=\"text\" name=\"text-2\" value=\"\" placeholder=\"\" id=\"forminator-field-text-2_69e209c60f9cf\" class=\"forminator-input forminator-name--field\" data-required=\"\" \/><\/div><\/div><\/div><div class=\"forminator-row\"><div id=\"textarea-1\" class=\"forminator-field-textarea forminator-col forminator-col-12 \"><div class=\"forminator-field\"><label for=\"forminator-field-textarea-1_69e209c60f9cf\" id=\"forminator-field-textarea-1_69e209c60f9cf-label\" class=\"forminator-label\">Votre Message<\/label><textarea name=\"textarea-1\" placeholder=\"\" id=\"forminator-field-textarea-1_69e209c60f9cf\" class=\"forminator-textarea\" rows=\"6\" style=\"min-height:140px;\" ><\/textarea><\/div><\/div><\/div><input type=\"hidden\" name=\"referer_url\" value=\"\" \/><div class=\"forminator-row forminator-row-last\"><div class=\"forminator-col\"><div class=\"forminator-field\"><button class=\"forminator-button forminator-button-submit\">Envoyer<\/button><\/div><\/div><\/div><input type=\"hidden\" id=\"forminator_nonce\" name=\"forminator_nonce\" value=\"9842307bc5\" \/><input type=\"hidden\" name=\"_wp_http_referer\" value=\"\/index.php\/wp-json\/wp\/v2\/pages\/88\" \/><input type=\"hidden\" name=\"form_id\" value=\"831\"><input type=\"hidden\" name=\"page_id\" value=\"88\"><input type=\"hidden\" name=\"form_type\" value=\"default\"><input type=\"hidden\" name=\"current_url\" value=\"https:\/\/clerybasket.fr\/index.php\/contact\/\"><input type=\"hidden\" name=\"render_id\" value=\"0\"><input type=\"hidden\" name=\"action\" value=\"forminator_submit_form_custom-forms\"><\/form><\/div>\n","protected":false},"excerpt":{"rendered":"<p>Les champs marqu\u00e9s avec * sont obligatoires<\/p>\n","protected":false},"author":1,"featured_media":0,"parent":0,"menu_order":0,"comment_status":"closed","ping_status":"closed","template":"","meta":{"footnotes":""},"class_list":["post-88","page","type-page","status-publish","hentry"],"yoast_head":"<!-- This site is optimized with the Yoast SEO plugin v27.4 - https:\/\/yoast.com\/product\/yoast-seo-wordpress\/ -->\n<title>Contactez-nous - AAS Clery Basket<\/title>\n<meta name=\"robots\" content=\"index, follow, max-snippet:-1, max-image-preview:large, max-video-preview:-1\" \/>\n<link rel=\"canonical\" href=\"https:\/\/clerybasket.fr\/index.php\/contact\/\" \/>\n<meta property=\"og:locale\" content=\"fr_FR\" \/>\n<meta property=\"og:type\" content=\"article\" \/>\n<meta property=\"og:title\" content=\"Contactez-nous - AAS Clery Basket\" \/>\n<meta property=\"og:description\" content=\"Les champs marqu\u00e9s avec * sont obligatoires\" \/>\n<meta property=\"og:url\" content=\"https:\/\/clerybasket.fr\/index.php\/contact\/\" \/>\n<meta property=\"og:site_name\" content=\"AAS Clery Basket\" \/>\n<meta property=\"article:publisher\" content=\"https:\/\/www.facebook.com\/AASCleryBasket\/\" \/>\n<meta property=\"article:modified_time\" content=\"2021-07-08T09:39:05+00:00\" \/>\n<meta name=\"twitter:card\" content=\"summary_large_image\" \/>\n<meta name=\"twitter:label1\" content=\"Dur\u00e9e de lecture estim\u00e9e\" \/>\n\t<meta name=\"twitter:data1\" content=\"1 minute\" \/>\n<script type=\"application\/ld+json\" class=\"yoast-schema-graph\">{\"@context\":\"https:\\\/\\\/schema.org\",\"@graph\":[{\"@type\":\"WebPage\",\"@id\":\"https:\\\/\\\/clerybasket.fr\\\/index.php\\\/contact\\\/\",\"url\":\"https:\\\/\\\/clerybasket.fr\\\/index.php\\\/contact\\\/\",\"name\":\"Contactez-nous - AAS Clery Basket\",\"isPartOf\":{\"@id\":\"https:\\\/\\\/clerybasket.fr\\\/#website\"},\"datePublished\":\"2019-10-14T19:36:46+00:00\",\"dateModified\":\"2021-07-08T09:39:05+00:00\",\"breadcrumb\":{\"@id\":\"https:\\\/\\\/clerybasket.fr\\\/index.php\\\/contact\\\/#breadcrumb\"},\"inLanguage\":\"fr-FR\",\"potentialAction\":[{\"@type\":\"ReadAction\",\"target\":[\"https:\\\/\\\/clerybasket.fr\\\/index.php\\\/contact\\\/\"]}]},{\"@type\":\"BreadcrumbList\",\"@id\":\"https:\\\/\\\/clerybasket.fr\\\/index.php\\\/contact\\\/#breadcrumb\",\"itemListElement\":[{\"@type\":\"ListItem\",\"position\":1,\"name\":\"Home\",\"item\":\"https:\\\/\\\/clerybasket.fr\\\/\"},{\"@type\":\"ListItem\",\"position\":2,\"name\":\"Contactez-nous\"}]},{\"@type\":\"WebSite\",\"@id\":\"https:\\\/\\\/clerybasket.fr\\\/#website\",\"url\":\"https:\\\/\\\/clerybasket.fr\\\/\",\"name\":\"AAS Clery Basket\",\"description\":\"Jouer au basket \u00e0 Cl\u00e9ry Saint Andr\u00e9\",\"publisher\":{\"@id\":\"https:\\\/\\\/clerybasket.fr\\\/#organization\"},\"potentialAction\":[{\"@type\":\"SearchAction\",\"target\":{\"@type\":\"EntryPoint\",\"urlTemplate\":\"https:\\\/\\\/clerybasket.fr\\\/?s={search_term_string}\"},\"query-input\":{\"@type\":\"PropertyValueSpecification\",\"valueRequired\":true,\"valueName\":\"search_term_string\"}}],\"inLanguage\":\"fr-FR\"},{\"@type\":\"Organization\",\"@id\":\"https:\\\/\\\/clerybasket.fr\\\/#organization\",\"name\":\"AASClery Basket\",\"url\":\"https:\\\/\\\/clerybasket.fr\\\/\",\"logo\":{\"@type\":\"ImageObject\",\"inLanguage\":\"fr-FR\",\"@id\":\"https:\\\/\\\/clerybasket.fr\\\/#\\\/schema\\\/logo\\\/image\\\/\",\"url\":\"https:\\\/\\\/clerybasket.fr\\\/wp-content\\\/uploads\\\/2019\\\/09\\\/aas_clery_basket_carre.jpg\",\"contentUrl\":\"https:\\\/\\\/clerybasket.fr\\\/wp-content\\\/uploads\\\/2019\\\/09\\\/aas_clery_basket_carre.jpg\",\"width\":438,\"height\":438,\"caption\":\"AASClery Basket\"},\"image\":{\"@id\":\"https:\\\/\\\/clerybasket.fr\\\/#\\\/schema\\\/logo\\\/image\\\/\"},\"sameAs\":[\"https:\\\/\\\/www.facebook.com\\\/AASCleryBasket\\\/\"]}]}<\/script>\n<!-- \/ Yoast SEO plugin. -->","yoast_head_json":{"title":"Contactez-nous - AAS Clery Basket","robots":{"index":"index","follow":"follow","max-snippet":"max-snippet:-1","max-image-preview":"max-image-preview:large","max-video-preview":"max-video-preview:-1"},"canonical":"https:\/\/clerybasket.fr\/index.php\/contact\/","og_locale":"fr_FR","og_type":"article","og_title":"Contactez-nous - AAS Clery Basket","og_description":"Les champs marqu\u00e9s avec * sont obligatoires","og_url":"https:\/\/clerybasket.fr\/index.php\/contact\/","og_site_name":"AAS Clery Basket","article_publisher":"https:\/\/www.facebook.com\/AASCleryBasket\/","article_modified_time":"2021-07-08T09:39:05+00:00","twitter_card":"summary_large_image","twitter_misc":{"Dur\u00e9e de lecture estim\u00e9e":"1 minute"},"schema":{"@context":"https:\/\/schema.org","@graph":[{"@type":"WebPage","@id":"https:\/\/clerybasket.fr\/index.php\/contact\/","url":"https:\/\/clerybasket.fr\/index.php\/contact\/","name":"Contactez-nous - AAS Clery Basket","isPartOf":{"@id":"https:\/\/clerybasket.fr\/#website"},"datePublished":"2019-10-14T19:36:46+00:00","dateModified":"2021-07-08T09:39:05+00:00","breadcrumb":{"@id":"https:\/\/clerybasket.fr\/index.php\/contact\/#breadcrumb"},"inLanguage":"fr-FR","potentialAction":[{"@type":"ReadAction","target":["https:\/\/clerybasket.fr\/index.php\/contact\/"]}]},{"@type":"BreadcrumbList","@id":"https:\/\/clerybasket.fr\/index.php\/contact\/#breadcrumb","itemListElement":[{"@type":"ListItem","position":1,"name":"Home","item":"https:\/\/clerybasket.fr\/"},{"@type":"ListItem","position":2,"name":"Contactez-nous"}]},{"@type":"WebSite","@id":"https:\/\/clerybasket.fr\/#website","url":"https:\/\/clerybasket.fr\/","name":"AAS Clery Basket","description":"Jouer au basket \u00e0 Cl\u00e9ry Saint Andr\u00e9","publisher":{"@id":"https:\/\/clerybasket.fr\/#organization"},"potentialAction":[{"@type":"SearchAction","target":{"@type":"EntryPoint","urlTemplate":"https:\/\/clerybasket.fr\/?s={search_term_string}"},"query-input":{"@type":"PropertyValueSpecification","valueRequired":true,"valueName":"search_term_string"}}],"inLanguage":"fr-FR"},{"@type":"Organization","@id":"https:\/\/clerybasket.fr\/#organization","name":"AASClery Basket","url":"https:\/\/clerybasket.fr\/","logo":{"@type":"ImageObject","inLanguage":"fr-FR","@id":"https:\/\/clerybasket.fr\/#\/schema\/logo\/image\/","url":"https:\/\/clerybasket.fr\/wp-content\/uploads\/2019\/09\/aas_clery_basket_carre.jpg","contentUrl":"https:\/\/clerybasket.fr\/wp-content\/uploads\/2019\/09\/aas_clery_basket_carre.jpg","width":438,"height":438,"caption":"AASClery Basket"},"image":{"@id":"https:\/\/clerybasket.fr\/#\/schema\/logo\/image\/"},"sameAs":["https:\/\/www.facebook.com\/AASCleryBasket\/"]}]}},"_links":{"self":[{"href":"https:\/\/clerybasket.fr\/index.php\/wp-json\/wp\/v2\/pages\/88","targetHints":{"allow":["GET"]}}],"collection":[{"href":"https:\/\/clerybasket.fr\/index.php\/wp-json\/wp\/v2\/pages"}],"about":[{"href":"https:\/\/clerybasket.fr\/index.php\/wp-json\/wp\/v2\/types\/page"}],"author":[{"embeddable":true,"href":"https:\/\/clerybasket.fr\/index.php\/wp-json\/wp\/v2\/users\/1"}],"replies":[{"embeddable":true,"href":"https:\/\/clerybasket.fr\/index.php\/wp-json\/wp\/v2\/comments?post=88"}],"version-history":[{"count":2,"href":"https:\/\/clerybasket.fr\/index.php\/wp-json\/wp\/v2\/pages\/88\/revisions"}],"predecessor-version":[{"id":873,"href":"https:\/\/clerybasket.fr\/index.php\/wp-json\/wp\/v2\/pages\/88\/revisions\/873"}],"wp:attachment":[{"href":"https:\/\/clerybasket.fr\/index.php\/wp-json\/wp\/v2\/media?parent=88"}],"curies":[{"name":"wp","href":"https:\/\/api.w.org\/{rel}","templated":true}]}}