{"id":1191,"date":"2022-09-07T19:32:20","date_gmt":"2022-09-07T19:32:20","guid":{"rendered":"https:\/\/clerybasket.fr\/?page_id=1191"},"modified":"2022-09-25T17:43:14","modified_gmt":"2022-09-25T17:43:14","slug":"categorie-u15","status":"publish","type":"page","link":"https:\/\/clerybasket.fr\/index.php\/categorie-u15\/","title":{"rendered":"Cat\u00e9gorie U15"},"content":{"rendered":"\n<p>Entrainement le <strong>mercredi de 19h00 \u00e0 20h30<\/strong> avec <em>Brice et C\u00e9lian<\/em> au Gymnase municipal<\/p>\n\n\n\n<figure class=\"wp-block-image size-large\"><img loading=\"lazy\" decoding=\"async\" width=\"1024\" height=\"683\" src=\"https:\/\/clerybasket.fr\/wp-content\/uploads\/2022\/09\/U15-17-M-1024x683.png\" alt=\"\" class=\"wp-image-1289\" srcset=\"https:\/\/clerybasket.fr\/wp-content\/uploads\/2022\/09\/U15-17-M-1024x683.png 1024w, https:\/\/clerybasket.fr\/wp-content\/uploads\/2022\/09\/U15-17-M-300x200.png 300w, https:\/\/clerybasket.fr\/wp-content\/uploads\/2022\/09\/U15-17-M-768x512.png 768w, https:\/\/clerybasket.fr\/wp-content\/uploads\/2022\/09\/U15-17-M-391x260.png 391w, https:\/\/clerybasket.fr\/wp-content\/uploads\/2022\/09\/U15-17-M-1536x1024.png 1536w, https:\/\/clerybasket.fr\/wp-content\/uploads\/2022\/09\/U15-17-M-2048x1365.png 2048w\" sizes=\"auto, (max-width: 1024px) 100vw, 1024px\" \/><figcaption>Saison 2021-2022<\/figcaption><\/figure>\n","protected":false},"excerpt":{"rendered":"<p>Entrainement le mercredi de 19h00 \u00e0 20h30 avec Brice et C\u00e9lian au Gymnase municipal<\/p>\n","protected":false},"author":1,"featured_media":0,"parent":0,"menu_order":0,"comment_status":"closed","ping_status":"closed","template":"","meta":{"footnotes":""},"class_list":["post-1191","page","type-page","status-publish","hentry"],"yoast_head":"<!-- This site is optimized with the Yoast SEO plugin v27.4 - https:\/\/yoast.com\/product\/yoast-seo-wordpress\/ -->\n<title>Cat\u00e9gorie U15 - AAS Clery Basket<\/title>\n<meta name=\"robots\" content=\"index, follow, max-snippet:-1, max-image-preview:large, max-video-preview:-1\" \/>\n<link rel=\"canonical\" href=\"https:\/\/clerybasket.fr\/index.php\/categorie-u15\/\" \/>\n<meta property=\"og:locale\" content=\"fr_FR\" \/>\n<meta property=\"og:type\" content=\"article\" \/>\n<meta property=\"og:title\" content=\"Cat\u00e9gorie U15 - AAS Clery Basket\" \/>\n<meta property=\"og:description\" content=\"Entrainement le mercredi de 19h00 \u00e0 20h30 avec Brice et C\u00e9lian au Gymnase municipal\" \/>\n<meta property=\"og:url\" content=\"https:\/\/clerybasket.fr\/index.php\/categorie-u15\/\" \/>\n<meta property=\"og:site_name\" content=\"AAS Clery Basket\" \/>\n<meta property=\"article:publisher\" content=\"https:\/\/www.facebook.com\/AASCleryBasket\/\" \/>\n<meta property=\"article:modified_time\" content=\"2022-09-25T17:43:14+00:00\" \/>\n<meta property=\"og:image\" content=\"https:\/\/clerybasket.fr\/wp-content\/uploads\/2022\/09\/U15-17-M-1024x683.png\" \/>\n<meta name=\"twitter:card\" content=\"summary_large_image\" \/>\n<meta name=\"twitter:label1\" content=\"Dur\u00e9e de lecture estim\u00e9e\" \/>\n\t<meta name=\"twitter:data1\" content=\"1 minute\" \/>\n<script type=\"application\/ld+json\" class=\"yoast-schema-graph\">{\"@context\":\"https:\\\/\\\/schema.org\",\"@graph\":[{\"@type\":\"WebPage\",\"@id\":\"https:\\\/\\\/clerybasket.fr\\\/index.php\\\/categorie-u15\\\/\",\"url\":\"https:\\\/\\\/clerybasket.fr\\\/index.php\\\/categorie-u15\\\/\",\"name\":\"Cat\u00e9gorie U15 - AAS Clery Basket\",\"isPartOf\":{\"@id\":\"https:\\\/\\\/clerybasket.fr\\\/#website\"},\"primaryImageOfPage\":{\"@id\":\"https:\\\/\\\/clerybasket.fr\\\/index.php\\\/categorie-u15\\\/#primaryimage\"},\"image\":{\"@id\":\"https:\\\/\\\/clerybasket.fr\\\/index.php\\\/categorie-u15\\\/#primaryimage\"},\"thumbnailUrl\":\"https:\\\/\\\/clerybasket.fr\\\/wp-content\\\/uploads\\\/2022\\\/09\\\/U15-17-M-1024x683.png\",\"datePublished\":\"2022-09-07T19:32:20+00:00\",\"dateModified\":\"2022-09-25T17:43:14+00:00\",\"breadcrumb\":{\"@id\":\"https:\\\/\\\/clerybasket.fr\\\/index.php\\\/categorie-u15\\\/#breadcrumb\"},\"inLanguage\":\"fr-FR\",\"potentialAction\":[{\"@type\":\"ReadAction\",\"target\":[\"https:\\\/\\\/clerybasket.fr\\\/index.php\\\/categorie-u15\\\/\"]}]},{\"@type\":\"ImageObject\",\"inLanguage\":\"fr-FR\",\"@id\":\"https:\\\/\\\/clerybasket.fr\\\/index.php\\\/categorie-u15\\\/#primaryimage\",\"url\":\"https:\\\/\\\/clerybasket.fr\\\/wp-content\\\/uploads\\\/2022\\\/09\\\/U15-17-M.png\",\"contentUrl\":\"https:\\\/\\\/clerybasket.fr\\\/wp-content\\\/uploads\\\/2022\\\/09\\\/U15-17-M.png\",\"width\":3000,\"height\":2000},{\"@type\":\"BreadcrumbList\",\"@id\":\"https:\\\/\\\/clerybasket.fr\\\/index.php\\\/categorie-u15\\\/#breadcrumb\",\"itemListElement\":[{\"@type\":\"ListItem\",\"position\":1,\"name\":\"Home\",\"item\":\"https:\\\/\\\/clerybasket.fr\\\/\"},{\"@type\":\"ListItem\",\"position\":2,\"name\":\"Cat\u00e9gorie U15\"}]},{\"@type\":\"WebSite\",\"@id\":\"https:\\\/\\\/clerybasket.fr\\\/#website\",\"url\":\"https:\\\/\\\/clerybasket.fr\\\/\",\"name\":\"AAS Clery Basket\",\"description\":\"Jouer au basket \u00e0 Cl\u00e9ry Saint Andr\u00e9\",\"publisher\":{\"@id\":\"https:\\\/\\\/clerybasket.fr\\\/#organization\"},\"potentialAction\":[{\"@type\":\"SearchAction\",\"target\":{\"@type\":\"EntryPoint\",\"urlTemplate\":\"https:\\\/\\\/clerybasket.fr\\\/?s={search_term_string}\"},\"query-input\":{\"@type\":\"PropertyValueSpecification\",\"valueRequired\":true,\"valueName\":\"search_term_string\"}}],\"inLanguage\":\"fr-FR\"},{\"@type\":\"Organization\",\"@id\":\"https:\\\/\\\/clerybasket.fr\\\/#organization\",\"name\":\"AASClery Basket\",\"url\":\"https:\\\/\\\/clerybasket.fr\\\/\",\"logo\":{\"@type\":\"ImageObject\",\"inLanguage\":\"fr-FR\",\"@id\":\"https:\\\/\\\/clerybasket.fr\\\/#\\\/schema\\\/logo\\\/image\\\/\",\"url\":\"https:\\\/\\\/clerybasket.fr\\\/wp-content\\\/uploads\\\/2019\\\/09\\\/aas_clery_basket_carre.jpg\",\"contentUrl\":\"https:\\\/\\\/clerybasket.fr\\\/wp-content\\\/uploads\\\/2019\\\/09\\\/aas_clery_basket_carre.jpg\",\"width\":438,\"height\":438,\"caption\":\"AASClery Basket\"},\"image\":{\"@id\":\"https:\\\/\\\/clerybasket.fr\\\/#\\\/schema\\\/logo\\\/image\\\/\"},\"sameAs\":[\"https:\\\/\\\/www.facebook.com\\\/AASCleryBasket\\\/\"]}]}<\/script>\n<!-- \/ Yoast SEO plugin. -->","yoast_head_json":{"title":"Cat\u00e9gorie U15 - AAS Clery Basket","robots":{"index":"index","follow":"follow","max-snippet":"max-snippet:-1","max-image-preview":"max-image-preview:large","max-video-preview":"max-video-preview:-1"},"canonical":"https:\/\/clerybasket.fr\/index.php\/categorie-u15\/","og_locale":"fr_FR","og_type":"article","og_title":"Cat\u00e9gorie U15 - AAS Clery Basket","og_description":"Entrainement le mercredi de 19h00 \u00e0 20h30 avec Brice et C\u00e9lian au Gymnase municipal","og_url":"https:\/\/clerybasket.fr\/index.php\/categorie-u15\/","og_site_name":"AAS Clery Basket","article_publisher":"https:\/\/www.facebook.com\/AASCleryBasket\/","article_modified_time":"2022-09-25T17:43:14+00:00","og_image":[{"url":"https:\/\/clerybasket.fr\/wp-content\/uploads\/2022\/09\/U15-17-M-1024x683.png","type":"","width":"","height":""}],"twitter_card":"summary_large_image","twitter_misc":{"Dur\u00e9e de lecture estim\u00e9e":"1 minute"},"schema":{"@context":"https:\/\/schema.org","@graph":[{"@type":"WebPage","@id":"https:\/\/clerybasket.fr\/index.php\/categorie-u15\/","url":"https:\/\/clerybasket.fr\/index.php\/categorie-u15\/","name":"Cat\u00e9gorie U15 - AAS Clery Basket","isPartOf":{"@id":"https:\/\/clerybasket.fr\/#website"},"primaryImageOfPage":{"@id":"https:\/\/clerybasket.fr\/index.php\/categorie-u15\/#primaryimage"},"image":{"@id":"https:\/\/clerybasket.fr\/index.php\/categorie-u15\/#primaryimage"},"thumbnailUrl":"https:\/\/clerybasket.fr\/wp-content\/uploads\/2022\/09\/U15-17-M-1024x683.png","datePublished":"2022-09-07T19:32:20+00:00","dateModified":"2022-09-25T17:43:14+00:00","breadcrumb":{"@id":"https:\/\/clerybasket.fr\/index.php\/categorie-u15\/#breadcrumb"},"inLanguage":"fr-FR","potentialAction":[{"@type":"ReadAction","target":["https:\/\/clerybasket.fr\/index.php\/categorie-u15\/"]}]},{"@type":"ImageObject","inLanguage":"fr-FR","@id":"https:\/\/clerybasket.fr\/index.php\/categorie-u15\/#primaryimage","url":"https:\/\/clerybasket.fr\/wp-content\/uploads\/2022\/09\/U15-17-M.png","contentUrl":"https:\/\/clerybasket.fr\/wp-content\/uploads\/2022\/09\/U15-17-M.png","width":3000,"height":2000},{"@type":"BreadcrumbList","@id":"https:\/\/clerybasket.fr\/index.php\/categorie-u15\/#breadcrumb","itemListElement":[{"@type":"ListItem","position":1,"name":"Home","item":"https:\/\/clerybasket.fr\/"},{"@type":"ListItem","position":2,"name":"Cat\u00e9gorie U15"}]},{"@type":"WebSite","@id":"https:\/\/clerybasket.fr\/#website","url":"https:\/\/clerybasket.fr\/","name":"AAS Clery Basket","description":"Jouer au basket \u00e0 Cl\u00e9ry Saint Andr\u00e9","publisher":{"@id":"https:\/\/clerybasket.fr\/#organization"},"potentialAction":[{"@type":"SearchAction","target":{"@type":"EntryPoint","urlTemplate":"https:\/\/clerybasket.fr\/?s={search_term_string}"},"query-input":{"@type":"PropertyValueSpecification","valueRequired":true,"valueName":"search_term_string"}}],"inLanguage":"fr-FR"},{"@type":"Organization","@id":"https:\/\/clerybasket.fr\/#organization","name":"AASClery Basket","url":"https:\/\/clerybasket.fr\/","logo":{"@type":"ImageObject","inLanguage":"fr-FR","@id":"https:\/\/clerybasket.fr\/#\/schema\/logo\/image\/","url":"https:\/\/clerybasket.fr\/wp-content\/uploads\/2019\/09\/aas_clery_basket_carre.jpg","contentUrl":"https:\/\/clerybasket.fr\/wp-content\/uploads\/2019\/09\/aas_clery_basket_carre.jpg","width":438,"height":438,"caption":"AASClery Basket"},"image":{"@id":"https:\/\/clerybasket.fr\/#\/schema\/logo\/image\/"},"sameAs":["https:\/\/www.facebook.com\/AASCleryBasket\/"]}]}},"_links":{"self":[{"href":"https:\/\/clerybasket.fr\/index.php\/wp-json\/wp\/v2\/pages\/1191","targetHints":{"allow":["GET"]}}],"collection":[{"href":"https:\/\/clerybasket.fr\/index.php\/wp-json\/wp\/v2\/pages"}],"about":[{"href":"https:\/\/clerybasket.fr\/index.php\/wp-json\/wp\/v2\/types\/page"}],"author":[{"embeddable":true,"href":"https:\/\/clerybasket.fr\/index.php\/wp-json\/wp\/v2\/users\/1"}],"replies":[{"embeddable":true,"href":"https:\/\/clerybasket.fr\/index.php\/wp-json\/wp\/v2\/comments?post=1191"}],"version-history":[{"count":8,"href":"https:\/\/clerybasket.fr\/index.php\/wp-json\/wp\/v2\/pages\/1191\/revisions"}],"predecessor-version":[{"id":1591,"href":"https:\/\/clerybasket.fr\/index.php\/wp-json\/wp\/v2\/pages\/1191\/revisions\/1591"}],"wp:attachment":[{"href":"https:\/\/clerybasket.fr\/index.php\/wp-json\/wp\/v2\/media?parent=1191"}],"curies":[{"name":"wp","href":"https:\/\/api.w.org\/{rel}","templated":true}]}}