{"id":1013,"date":"2021-09-16T17:06:51","date_gmt":"2021-09-16T17:06:51","guid":{"rendered":"https:\/\/clerybasket.fr\/?page_id=1013"},"modified":"2021-09-27T09:52:07","modified_gmt":"2021-09-27T09:52:07","slug":"shop","status":"publish","type":"page","link":"https:\/\/clerybasket.fr\/index.php\/shop\/","title":{"rendered":"Boutique"},"content":{"rendered":"<a href=\"https:\/\/clerybasket.fr\/wp-content\/uploads\/2021\/01\/Catalogue.pdf\" class=\"pdfemb-viewer\" style=\"\" data-width=\"max\" data-height=\"max\" data-toolbar=\"bottom\" data-toolbar-fixed=\"off\">Catalogue<\/a>\n<p class=\"wp-block-pdfemb-pdf-embedder-viewer\"><\/p>\n\n\n<a href=\"https:\/\/clerybasket.fr\/wp-content\/uploads\/2021\/01\/guide-des-tailles-cle\u0301ry-boutique.pdf\" class=\"pdfemb-viewer\" style=\"\" data-width=\"max\" data-height=\"max\" data-toolbar=\"bottom\" data-toolbar-fixed=\"off\">guide-des-tailles-cle\u0301ry-boutique<\/a>\n<p class=\"wp-block-pdfemb-pdf-embedder-viewer\"><\/p>\n","protected":false},"excerpt":{"rendered":"","protected":false},"author":1,"featured_media":0,"parent":0,"menu_order":0,"comment_status":"closed","ping_status":"closed","template":"","meta":{"footnotes":""},"class_list":["post-1013","page","type-page","status-publish","hentry"],"yoast_head":"<!-- This site is optimized with the Yoast SEO plugin v27.5 - https:\/\/yoast.com\/product\/yoast-seo-wordpress\/ -->\n<title>Boutique - AAS Clery Basket<\/title>\n<meta name=\"robots\" content=\"index, follow, max-snippet:-1, max-image-preview:large, max-video-preview:-1\" \/>\n<link rel=\"canonical\" href=\"https:\/\/clerybasket.fr\/index.php\/shop\/\" \/>\n<meta property=\"og:locale\" content=\"fr_FR\" \/>\n<meta property=\"og:type\" content=\"article\" \/>\n<meta property=\"og:title\" content=\"Boutique - AAS Clery Basket\" \/>\n<meta property=\"og:url\" content=\"https:\/\/clerybasket.fr\/index.php\/shop\/\" \/>\n<meta property=\"og:site_name\" content=\"AAS Clery Basket\" \/>\n<meta property=\"article:publisher\" content=\"https:\/\/www.facebook.com\/AASCleryBasket\/\" \/>\n<meta property=\"article:modified_time\" content=\"2021-09-27T09:52:07+00:00\" \/>\n<meta name=\"twitter:card\" content=\"summary_large_image\" \/>\n<script type=\"application\/ld+json\" class=\"yoast-schema-graph\">{\"@context\":\"https:\\\/\\\/schema.org\",\"@graph\":[{\"@type\":\"WebPage\",\"@id\":\"https:\\\/\\\/clerybasket.fr\\\/index.php\\\/shop\\\/\",\"url\":\"https:\\\/\\\/clerybasket.fr\\\/index.php\\\/shop\\\/\",\"name\":\"Boutique - AAS Clery Basket\",\"isPartOf\":{\"@id\":\"https:\\\/\\\/clerybasket.fr\\\/#website\"},\"datePublished\":\"2021-09-16T17:06:51+00:00\",\"dateModified\":\"2021-09-27T09:52:07+00:00\",\"breadcrumb\":{\"@id\":\"https:\\\/\\\/clerybasket.fr\\\/index.php\\\/shop\\\/#breadcrumb\"},\"inLanguage\":\"fr-FR\",\"potentialAction\":[{\"@type\":\"ReadAction\",\"target\":[\"https:\\\/\\\/clerybasket.fr\\\/index.php\\\/shop\\\/\"]}]},{\"@type\":\"BreadcrumbList\",\"@id\":\"https:\\\/\\\/clerybasket.fr\\\/index.php\\\/shop\\\/#breadcrumb\",\"itemListElement\":[{\"@type\":\"ListItem\",\"position\":1,\"name\":\"Home\",\"item\":\"https:\\\/\\\/clerybasket.fr\\\/\"},{\"@type\":\"ListItem\",\"position\":2,\"name\":\"Boutique\"}]},{\"@type\":\"WebSite\",\"@id\":\"https:\\\/\\\/clerybasket.fr\\\/#website\",\"url\":\"https:\\\/\\\/clerybasket.fr\\\/\",\"name\":\"AAS Clery Basket\",\"description\":\"Jouer au basket \u00e0 Cl\u00e9ry Saint Andr\u00e9\",\"publisher\":{\"@id\":\"https:\\\/\\\/clerybasket.fr\\\/#organization\"},\"potentialAction\":[{\"@type\":\"SearchAction\",\"target\":{\"@type\":\"EntryPoint\",\"urlTemplate\":\"https:\\\/\\\/clerybasket.fr\\\/?s={search_term_string}\"},\"query-input\":{\"@type\":\"PropertyValueSpecification\",\"valueRequired\":true,\"valueName\":\"search_term_string\"}}],\"inLanguage\":\"fr-FR\"},{\"@type\":\"Organization\",\"@id\":\"https:\\\/\\\/clerybasket.fr\\\/#organization\",\"name\":\"AASClery Basket\",\"url\":\"https:\\\/\\\/clerybasket.fr\\\/\",\"logo\":{\"@type\":\"ImageObject\",\"inLanguage\":\"fr-FR\",\"@id\":\"https:\\\/\\\/clerybasket.fr\\\/#\\\/schema\\\/logo\\\/image\\\/\",\"url\":\"https:\\\/\\\/clerybasket.fr\\\/wp-content\\\/uploads\\\/2019\\\/09\\\/aas_clery_basket_carre.jpg\",\"contentUrl\":\"https:\\\/\\\/clerybasket.fr\\\/wp-content\\\/uploads\\\/2019\\\/09\\\/aas_clery_basket_carre.jpg\",\"width\":438,\"height\":438,\"caption\":\"AASClery Basket\"},\"image\":{\"@id\":\"https:\\\/\\\/clerybasket.fr\\\/#\\\/schema\\\/logo\\\/image\\\/\"},\"sameAs\":[\"https:\\\/\\\/www.facebook.com\\\/AASCleryBasket\\\/\"]}]}<\/script>\n<!-- \/ Yoast SEO plugin. -->","yoast_head_json":{"title":"Boutique - AAS Clery Basket","robots":{"index":"index","follow":"follow","max-snippet":"max-snippet:-1","max-image-preview":"max-image-preview:large","max-video-preview":"max-video-preview:-1"},"canonical":"https:\/\/clerybasket.fr\/index.php\/shop\/","og_locale":"fr_FR","og_type":"article","og_title":"Boutique - AAS Clery Basket","og_url":"https:\/\/clerybasket.fr\/index.php\/shop\/","og_site_name":"AAS Clery Basket","article_publisher":"https:\/\/www.facebook.com\/AASCleryBasket\/","article_modified_time":"2021-09-27T09:52:07+00:00","twitter_card":"summary_large_image","schema":{"@context":"https:\/\/schema.org","@graph":[{"@type":"WebPage","@id":"https:\/\/clerybasket.fr\/index.php\/shop\/","url":"https:\/\/clerybasket.fr\/index.php\/shop\/","name":"Boutique - AAS Clery Basket","isPartOf":{"@id":"https:\/\/clerybasket.fr\/#website"},"datePublished":"2021-09-16T17:06:51+00:00","dateModified":"2021-09-27T09:52:07+00:00","breadcrumb":{"@id":"https:\/\/clerybasket.fr\/index.php\/shop\/#breadcrumb"},"inLanguage":"fr-FR","potentialAction":[{"@type":"ReadAction","target":["https:\/\/clerybasket.fr\/index.php\/shop\/"]}]},{"@type":"BreadcrumbList","@id":"https:\/\/clerybasket.fr\/index.php\/shop\/#breadcrumb","itemListElement":[{"@type":"ListItem","position":1,"name":"Home","item":"https:\/\/clerybasket.fr\/"},{"@type":"ListItem","position":2,"name":"Boutique"}]},{"@type":"WebSite","@id":"https:\/\/clerybasket.fr\/#website","url":"https:\/\/clerybasket.fr\/","name":"AAS Clery Basket","description":"Jouer au basket \u00e0 Cl\u00e9ry Saint Andr\u00e9","publisher":{"@id":"https:\/\/clerybasket.fr\/#organization"},"potentialAction":[{"@type":"SearchAction","target":{"@type":"EntryPoint","urlTemplate":"https:\/\/clerybasket.fr\/?s={search_term_string}"},"query-input":{"@type":"PropertyValueSpecification","valueRequired":true,"valueName":"search_term_string"}}],"inLanguage":"fr-FR"},{"@type":"Organization","@id":"https:\/\/clerybasket.fr\/#organization","name":"AASClery Basket","url":"https:\/\/clerybasket.fr\/","logo":{"@type":"ImageObject","inLanguage":"fr-FR","@id":"https:\/\/clerybasket.fr\/#\/schema\/logo\/image\/","url":"https:\/\/clerybasket.fr\/wp-content\/uploads\/2019\/09\/aas_clery_basket_carre.jpg","contentUrl":"https:\/\/clerybasket.fr\/wp-content\/uploads\/2019\/09\/aas_clery_basket_carre.jpg","width":438,"height":438,"caption":"AASClery Basket"},"image":{"@id":"https:\/\/clerybasket.fr\/#\/schema\/logo\/image\/"},"sameAs":["https:\/\/www.facebook.com\/AASCleryBasket\/"]}]}},"_links":{"self":[{"href":"https:\/\/clerybasket.fr\/index.php\/wp-json\/wp\/v2\/pages\/1013","targetHints":{"allow":["GET"]}}],"collection":[{"href":"https:\/\/clerybasket.fr\/index.php\/wp-json\/wp\/v2\/pages"}],"about":[{"href":"https:\/\/clerybasket.fr\/index.php\/wp-json\/wp\/v2\/types\/page"}],"author":[{"embeddable":true,"href":"https:\/\/clerybasket.fr\/index.php\/wp-json\/wp\/v2\/users\/1"}],"replies":[{"embeddable":true,"href":"https:\/\/clerybasket.fr\/index.php\/wp-json\/wp\/v2\/comments?post=1013"}],"version-history":[{"count":2,"href":"https:\/\/clerybasket.fr\/index.php\/wp-json\/wp\/v2\/pages\/1013\/revisions"}],"predecessor-version":[{"id":1067,"href":"https:\/\/clerybasket.fr\/index.php\/wp-json\/wp\/v2\/pages\/1013\/revisions\/1067"}],"wp:attachment":[{"href":"https:\/\/clerybasket.fr\/index.php\/wp-json\/wp\/v2\/media?parent=1013"}],"curies":[{"name":"wp","href":"https:\/\/api.w.org\/{rel}","templated":true}]}}